{"id":789,"date":"2016-09-09T12:00:00","date_gmt":"2016-09-09T15:00:00","guid":{"rendered":"http:\/\/www.dpp.gob.ar\/web\/?page_id=789"},"modified":"2019-06-12T16:41:15","modified_gmt":"2019-06-12T19:41:15","slug":"evolucion-de-pasajeros","status":"publish","type":"page","link":"https:\/\/www.dpp.gob.ar\/web\/puerto-ushuaia\/estadisticas\/evolucion-de-pasajeros\/","title":{"rendered":"Evoluci\u00f3n de Pasajeros"},"content":{"rendered":"<p>La siguiente informaci\u00f3n corresponde a lo declarado en los manifiestos de los buques. Las temporadas est\u00e1n calculadas en base a los buques de pasajeros arribados entre el 01\/Septiembre al 30\/Abril.<\/p>\n<table style='width: 100%;'><thead><th style='text-align: center;'>Temporada<\/th><th style='text-align: center;'>Recaladas<\/th><th style='text-align: center;'>Tripulantes<\/th><th style='text-align: center;'>Pasajeros<\/th><th style='text-align: center;'>Total<\/th><\/thead><tbody><tr><td style='vertical-align: middle; text-align: center;'>2008<\/td><td style='vertical-align: middle; text-align: center;'>365<\/td><td style='vertical-align: middle; text-align: center;'>60074<\/td><td style='vertical-align: middle; text-align: center;'>115227<\/td><td style='vertical-align: middle; text-align: center;'>175301<\/td><\/td><\/tr><tr><td style='vertical-align: middle; text-align: center;'>2009<\/td><td style='vertical-align: middle; text-align: center;'>308<\/td><td style='vertical-align: middle; text-align: center;'>46297<\/td><td style='vertical-align: middle; text-align: center;'>91272<\/td><td style='vertical-align: middle; text-align: center;'>137569<\/td><\/td><\/tr><tr><td style='vertical-align: middle; text-align: center;'>2010<\/td><td style='vertical-align: middle; text-align: center;'>281<\/td><td style='vertical-align: middle; text-align: center;'>36375<\/td><td style='vertical-align: middle; text-align: center;'>74713<\/td><td style='vertical-align: middle; text-align: center;'>111088<\/td><\/td><\/tr><tr><td style='vertical-align: middle; text-align: center;'>2011<\/td><td style='vertical-align: middle; text-align: center;'>284<\/td><td style='vertical-align: middle; text-align: center;'>37216<\/td><td style='vertical-align: middle; text-align: center;'>72975<\/td><td style='vertical-align: middle; text-align: center;'>110191<\/td><\/td><\/tr><tr><td style='vertical-align: middle; text-align: center;'>2012<\/td><td style='vertical-align: middle; text-align: center;'>287<\/td><td style='vertical-align: middle; text-align: center;'>42826<\/td><td style='vertical-align: middle; text-align: center;'>83174<\/td><td style='vertical-align: middle; text-align: center;'>126000<\/td><\/td><\/tr><tr><td style='vertical-align: middle; text-align: center;'>2013<\/td><td style='vertical-align: middle; text-align: center;'>301<\/td><td style='vertical-align: middle; text-align: center;'>45081<\/td><td style='vertical-align: middle; text-align: center;'>90571<\/td><td style='vertical-align: middle; text-align: center;'>135652<\/td><\/td><\/tr><tr><td style='vertical-align: middle; text-align: center;'>2014<\/td><td style='vertical-align: middle; text-align: center;'>291<\/td><td style='vertical-align: middle; text-align: center;'>42825<\/td><td style='vertical-align: middle; text-align: center;'>83722<\/td><td style='vertical-align: middle; text-align: center;'>126547<\/td><\/td><\/tr><tr><td style='vertical-align: middle; text-align: center;'>2015<\/td><td style='vertical-align: middle; text-align: center;'>329<\/td><td style='vertical-align: middle; text-align: center;'>58003<\/td><td style='vertical-align: middle; text-align: center;'>112645<\/td><td style='vertical-align: middle; text-align: center;'>170648<\/td><\/td><\/tr><tr><td style='vertical-align: middle; text-align: center;'>2016<\/td><td style='vertical-align: middle; text-align: center;'>285<\/td><td style='vertical-align: middle; text-align: center;'>47468<\/td><td style='vertical-align: middle; text-align: center;'>94240<\/td><td style='vertical-align: middle; text-align: center;'>141708<\/td><\/td><\/tr><tr><td style='vertical-align: middle; text-align: center;'>2017<\/td><td style='vertical-align: middle; text-align: center;'>327<\/td><td style='vertical-align: middle; text-align: center;'>51099<\/td><td style='vertical-align: middle; text-align: center;'>101277<\/td><td style='vertical-align: middle; text-align: center;'>152376<\/td><\/td><\/tr><tr><td style='vertical-align: middle; text-align: center;'>2018<\/td><td style='vertical-align: middle; text-align: center;'>364<\/td><td style='vertical-align: middle; text-align: center;'>72840<\/td><td style='vertical-align: middle; text-align: center;'>123124<\/td><td style='vertical-align: middle; text-align: center;'>195964<\/td><\/td><\/tr><tr><td style='vertical-align: middle; text-align: center;'>2019<\/td><td style='vertical-align: middle; text-align: center;'>409<\/td><td style='vertical-align: middle; text-align: center;'>72364<\/td><td style='vertical-align: middle; text-align: center;'>131058<\/td><td style='vertical-align: middle; text-align: center;'>203422<\/td><\/td><\/tr><tr><td style='vertical-align: middle; text-align: center;'>2021<\/td><td style='vertical-align: middle; text-align: center;'>180<\/td><td style='vertical-align: middle; text-align: center;'>24661<\/td><td style='vertical-align: middle; text-align: center;'>20519<\/td><td style='vertical-align: middle; text-align: center;'>45180<\/td><\/td><\/tr><tr><td style='vertical-align: middle; text-align: center;'>2022<\/td><td style='vertical-align: middle; text-align: center;'>503<\/td><td style='vertical-align: middle; text-align: center;'>88811<\/td><td style='vertical-align: middle; text-align: center;'>140315<\/td><td style='vertical-align: middle; text-align: center;'>229126<\/td><\/td><\/tr><tr><td style='vertical-align: middle; text-align: center;'>2023<\/td><td style='vertical-align: middle; text-align: center;'>555<\/td><td style='vertical-align: middle; text-align: center;'>101131<\/td><td style='vertical-align: middle; text-align: center;'>164557<\/td><td style='vertical-align: middle; text-align: center;'>265688<\/td><\/td><\/tr><tr><td style='vertical-align: middle; text-align: center;'>2024<\/td><td style='vertical-align: middle; text-align: center;'>510<\/td><td style='vertical-align: middle; text-align: center;'>87935<\/td><td style='vertical-align: middle; text-align: center;'>144172<\/td><td style='vertical-align: middle; text-align: center;'>232107<\/td><\/td><\/tr><tr><td style='vertical-align: middle; text-align: center;'>2025<\/td><td style='vertical-align: middle; text-align: center;'>281<\/td><td style='vertical-align: middle; text-align: center;'>43403<\/td><td style='vertical-align: middle; text-align: center;'>68065<\/td><td style='vertical-align: middle; text-align: center;'>111468<\/td><\/td><\/tr><\/tbody><\/table>\n","protected":false},"excerpt":{"rendered":"<p>La siguiente informaci\u00f3n corresponde a lo declarado en los manifiestos de los buques. Las temporadas est\u00e1n calculadas en base a los buques de pasajeros arribados entre el 01\/Septiembre al 30\/Abril.<\/p>\n","protected":false},"author":1,"featured_media":0,"parent":781,"menu_order":0,"comment_status":"closed","ping_status":"closed","template":"","meta":{"_coblocks_attr":"","_coblocks_dimensions":"","_coblocks_responsive_height":"","_coblocks_accordion_ie_support":"","_eb_attr":"","_crdt_document":"","_uag_custom_page_level_css":"","footnotes":""},"class_list":["post-789","page","type-page","status-publish","hentry"],"uagb_featured_image_src":{"full":false,"thumbnail":false,"medium":false,"medium_large":false,"large":false,"1536x1536":false,"2048x2048":false,"ultp_layout_landscape_large":false,"ultp_layout_landscape":false,"ultp_layout_portrait":false,"ultp_layout_square":false},"uagb_author_info":{"display_name":"Administrador","author_link":"https:\/\/www.dpp.gob.ar\/web\/author\/admin\/"},"uagb_comment_info":0,"uagb_excerpt":"La siguiente informaci\u00f3n corresponde a lo declarado en los manifiestos de los buques. Las temporadas est\u00e1n calculadas en base a los buques de pasajeros arribados entre el 01\/Septiembre al 30\/Abril.","_links":{"self":[{"href":"https:\/\/www.dpp.gob.ar\/web\/wp-json\/wp\/v2\/pages\/789","targetHints":{"allow":["GET"]}}],"collection":[{"href":"https:\/\/www.dpp.gob.ar\/web\/wp-json\/wp\/v2\/pages"}],"about":[{"href":"https:\/\/www.dpp.gob.ar\/web\/wp-json\/wp\/v2\/types\/page"}],"author":[{"embeddable":true,"href":"https:\/\/www.dpp.gob.ar\/web\/wp-json\/wp\/v2\/users\/1"}],"replies":[{"embeddable":true,"href":"https:\/\/www.dpp.gob.ar\/web\/wp-json\/wp\/v2\/comments?post=789"}],"version-history":[{"count":5,"href":"https:\/\/www.dpp.gob.ar\/web\/wp-json\/wp\/v2\/pages\/789\/revisions"}],"predecessor-version":[{"id":2526,"href":"https:\/\/www.dpp.gob.ar\/web\/wp-json\/wp\/v2\/pages\/789\/revisions\/2526"}],"up":[{"embeddable":true,"href":"https:\/\/www.dpp.gob.ar\/web\/wp-json\/wp\/v2\/pages\/781"}],"wp:attachment":[{"href":"https:\/\/www.dpp.gob.ar\/web\/wp-json\/wp\/v2\/media?parent=789"}],"curies":[{"name":"wp","href":"https:\/\/api.w.org\/{rel}","templated":true}]}}